{"id":197,"date":"2022-12-06T20:34:38","date_gmt":"2022-12-06T19:34:38","guid":{"rendered":"http:\/\/www.aeris.bzh\/?page_id=197"},"modified":"2026-03-07T12:58:15","modified_gmt":"2026-03-07T11:58:15","slug":"inspection","status":"publish","type":"page","link":"http:\/\/www.aeris.bzh\/index.php\/inspection\/","title":{"rendered":"Inspection"},"content":{"rendered":"<p>[et_pb_section fb_built=\u00a0\u00bb1&Prime; _builder_version=\u00a0\u00bb4.27.4&Prime; _module_preset=\u00a0\u00bbdefault\u00a0\u00bb custom_padding=\u00a0\u00bb||18px|||\u00a0\u00bb global_colors_info=\u00a0\u00bb{}\u00a0\u00bb][et_pb_row column_structure=\u00a0\u00bb1_2,1_2&Prime; _builder_version=\u00a0\u00bb4.27.4&Prime; _module_preset=\u00a0\u00bbdefault\u00a0\u00bb custom_padding=\u00a0\u00bb||0px|||\u00a0\u00bb global_colors_info=\u00a0\u00bb{}\u00a0\u00bb][et_pb_column type=\u00a0\u00bb1_2&Prime; _builder_version=\u00a0\u00bb4.16&Prime; _module_preset=\u00a0\u00bbdefault\u00a0\u00bb global_colors_info=\u00a0\u00bb{}\u00a0\u00bb][et_pb_gallery _builder_version=\u00a0\u00bb4.27.4&Prime; _module_preset=\u00a0\u00bbdefault\u00a0\u00bb gallery_ids=\u00a0\u00bb617,658,660,659,561,502,503,467,466,465,440,439,438,257,712&Prime; posts_number=\u00a0\u00bb6&Prime; show_title_and_caption=\u00a0\u00bboff\u00a0\u00bb gallery_orderby=\u00a0\u00bbrand\u00a0\u00bb hover_enabled=\u00a0\u00bb0&Prime; sticky_enabled=\u00a0\u00bb0&Prime;][\/et_pb_gallery][\/et_pb_column][et_pb_column type=\u00a0\u00bb1_2&Prime; _builder_version=\u00a0\u00bb4.16&Prime; _module_preset=\u00a0\u00bbdefault\u00a0\u00bb global_colors_info=\u00a0\u00bb{}\u00a0\u00bb][et_pb_text _builder_version=\u00a0\u00bb4.16&Prime; _module_preset=\u00a0\u00bbdefault\u00a0\u00bb width=\u00a0\u00bb100%\u00a0\u00bb global_colors_info=\u00a0\u00bb{}\u00a0\u00bb]<\/p>\n<p data-start=\"0\" data-end=\"71\">\ud83d\udcf8\u2708\ufe0f Rep\u00e9rage a\u00e9rien pr\u00e9cis avec nos drones DJI Air 2S &amp; Mini 3 Pro !<\/p>\n<p data-start=\"73\" data-end=\"284\">\ud83d\udd0d Missions de m\u00e9trage, inspection photo &amp; vid\u00e9o, acc\u00e8s aux zones difficiles<br data-start=\"149\" data-end=\"152\" \/>\ud83d\udcca Mod\u00e9lisation 3D &amp; m\u00e9trage de toiture gr\u00e2ce \u00e0 des vols programm\u00e9s avec Dronelink<br data-start=\"234\" data-end=\"237\" data-is-only-node=\"\" \/>\u26a1\ufe0f Rapide, pr\u00e9cis &amp; optimis\u00e9 pour vos projets<\/p>\n<p data-start=\"286\" data-end=\"410\" data-is-last-node=\"\" data-is-only-node=\"\">\ud83d\udccd Obtenez votre devis ici \ud83d\udc49 <a rel=\"noopener\" target=\"_new\" data-start=\"316\" data-end=\"410\" data-is-last-node=\"\" href=\"http:\/\/www.aeris.bzh\/index.php\/contact-devis\/\">http:\/\/www.aeris.bzh\/index.php\/contact-devis\/<\/a><\/p>\n<p>[\/et_pb_text][\/et_pb_column][\/et_pb_row][\/et_pb_section][et_pb_section fb_built=\u00a0\u00bb1&Prime; _builder_version=\u00a0\u00bb4.16&Prime; _module_preset=\u00a0\u00bbdefault\u00a0\u00bb custom_padding=\u00a0\u00bb16px|||||\u00a0\u00bb global_colors_info=\u00a0\u00bb{}\u00a0\u00bb][et_pb_row column_structure=\u00a0\u00bb1_3,1_3,1_3&Prime; _builder_version=\u00a0\u00bb4.16&Prime; _module_preset=\u00a0\u00bbdefault\u00a0\u00bb global_colors_info=\u00a0\u00bb{}\u00a0\u00bb][et_pb_column type=\u00a0\u00bb1_3&Prime; _builder_version=\u00a0\u00bb4.16&Prime; _module_preset=\u00a0\u00bbdefault\u00a0\u00bb global_colors_info=\u00a0\u00bb{}\u00a0\u00bb][\/et_pb_column][et_pb_column type=\u00a0\u00bb1_3&Prime; _builder_version=\u00a0\u00bb4.16&Prime; _module_preset=\u00a0\u00bbdefault\u00a0\u00bb global_colors_info=\u00a0\u00bb{}\u00a0\u00bb][et_pb_number_counter title=\u00a0\u00bbMissions d&rsquo;inspections\u00a0\u00bb number=\u00a0\u00bb57&Prime; percent_sign=\u00a0\u00bboff\u00a0\u00bb _builder_version=\u00a0\u00bb4.27.4&Prime; _module_preset=\u00a0\u00bbdefault\u00a0\u00bb global_colors_info=\u00a0\u00bb{}\u00a0\u00bb][\/et_pb_number_counter][\/et_pb_column][et_pb_column type=\u00a0\u00bb1_3&Prime; _builder_version=\u00a0\u00bb4.16&Prime; _module_preset=\u00a0\u00bbdefault\u00a0\u00bb global_colors_info=\u00a0\u00bb{}\u00a0\u00bb][\/et_pb_column][\/et_pb_row][\/et_pb_section]<\/p>\n","protected":false},"excerpt":{"rendered":"<p>\ud83d\udcf8\u2708\ufe0f Rep\u00e9rage a\u00e9rien pr\u00e9cis avec nos drones DJI Air 2S &amp; Mini 3 Pro ! \ud83d\udd0d Missions de m\u00e9trage, inspection photo &amp; vid\u00e9o, acc\u00e8s aux zones difficiles\ud83d\udcca Mod\u00e9lisation 3D &amp; m\u00e9trage de toiture gr\u00e2ce \u00e0 des vols programm\u00e9s avec Dronelink\u26a1\ufe0f Rapide, pr\u00e9cis &amp; optimis\u00e9 pour vos projets \ud83d\udccd Obtenez votre devis ici \ud83d\udc49 http:\/\/www.aeris.bzh\/index.php\/contact-devis\/<\/p>\n","protected":false},"author":1,"featured_media":0,"parent":0,"menu_order":0,"comment_status":"closed","ping_status":"closed","template":"","meta":{"_et_pb_use_builder":"on","_et_pb_old_content":"","_et_gb_content_width":"","_uf_show_specific_survey":0,"_uf_disable_surveys":false,"footnotes":""},"class_list":["post-197","page","type-page","status-publish","hentry"],"yoast_head":"<!-- This site is optimized with the Yoast SEO plugin v27.5 - https:\/\/yoast.com\/product\/yoast-seo-wordpress\/ -->\n<title>Inspection - Aeris<\/title>\n<meta name=\"robots\" content=\"index, follow, max-snippet:-1, max-image-preview:large, max-video-preview:-1\" \/>\n<link rel=\"canonical\" href=\"https:\/\/www.aeris.bzh\/index.php\/inspection\/\" \/>\n<meta property=\"og:locale\" content=\"fr_FR\" \/>\n<meta property=\"og:type\" content=\"article\" \/>\n<meta property=\"og:title\" content=\"Inspection - Aeris\" \/>\n<meta property=\"og:description\" content=\"\ud83d\udcf8\u2708\ufe0f Rep\u00e9rage a\u00e9rien pr\u00e9cis avec nos drones DJI Air 2S &amp; Mini 3 Pro ! \ud83d\udd0d Missions de m\u00e9trage, inspection photo &amp; vid\u00e9o, acc\u00e8s aux zones difficiles\ud83d\udcca Mod\u00e9lisation 3D &amp; m\u00e9trage de toiture gr\u00e2ce \u00e0 des vols programm\u00e9s avec Dronelink\u26a1\ufe0f Rapide, pr\u00e9cis &amp; optimis\u00e9 pour vos projets \ud83d\udccd Obtenez votre devis ici \ud83d\udc49 http:\/\/www.aeris.bzh\/index.php\/contact-devis\/\" \/>\n<meta property=\"og:url\" content=\"https:\/\/www.aeris.bzh\/index.php\/inspection\/\" \/>\n<meta property=\"og:site_name\" content=\"Aeris\" \/>\n<meta property=\"article:publisher\" content=\"https:\/\/www.facebook.com\/profile.php?id=100088581491107\" \/>\n<meta property=\"article:modified_time\" content=\"2026-03-07T11:58:15+00:00\" \/>\n<meta name=\"twitter:card\" content=\"summary_large_image\" \/>\n<script type=\"application\/ld+json\" class=\"yoast-schema-graph\">{\"@context\":\"https:\\\/\\\/schema.org\",\"@graph\":[{\"@type\":\"WebPage\",\"@id\":\"https:\\\/\\\/www.aeris.bzh\\\/index.php\\\/inspection\\\/\",\"url\":\"https:\\\/\\\/www.aeris.bzh\\\/index.php\\\/inspection\\\/\",\"name\":\"Inspection - Aeris\",\"isPartOf\":{\"@id\":\"https:\\\/\\\/www.aeris.bzh\\\/#website\"},\"datePublished\":\"2022-12-06T19:34:38+00:00\",\"dateModified\":\"2026-03-07T11:58:15+00:00\",\"breadcrumb\":{\"@id\":\"https:\\\/\\\/www.aeris.bzh\\\/index.php\\\/inspection\\\/#breadcrumb\"},\"inLanguage\":\"fr-FR\",\"potentialAction\":[{\"@type\":\"ReadAction\",\"target\":[\"https:\\\/\\\/www.aeris.bzh\\\/index.php\\\/inspection\\\/\"]}]},{\"@type\":\"BreadcrumbList\",\"@id\":\"https:\\\/\\\/www.aeris.bzh\\\/index.php\\\/inspection\\\/#breadcrumb\",\"itemListElement\":[{\"@type\":\"ListItem\",\"position\":1,\"name\":\"Accueil\",\"item\":\"https:\\\/\\\/www.aeris.bzh\\\/\"},{\"@type\":\"ListItem\",\"position\":2,\"name\":\"Inspection\"}]},{\"@type\":\"WebSite\",\"@id\":\"https:\\\/\\\/www.aeris.bzh\\\/#website\",\"url\":\"https:\\\/\\\/www.aeris.bzh\\\/\",\"name\":\"Aeris\",\"description\":\"Prenons de la hauteur !\",\"publisher\":{\"@id\":\"https:\\\/\\\/www.aeris.bzh\\\/#organization\"},\"potentialAction\":[{\"@type\":\"SearchAction\",\"target\":{\"@type\":\"EntryPoint\",\"urlTemplate\":\"https:\\\/\\\/www.aeris.bzh\\\/?s={search_term_string}\"},\"query-input\":{\"@type\":\"PropertyValueSpecification\",\"valueRequired\":true,\"valueName\":\"search_term_string\"}}],\"inLanguage\":\"fr-FR\"},{\"@type\":\"Organization\",\"@id\":\"https:\\\/\\\/www.aeris.bzh\\\/#organization\",\"name\":\"Aeris\",\"url\":\"https:\\\/\\\/www.aeris.bzh\\\/\",\"logo\":{\"@type\":\"ImageObject\",\"inLanguage\":\"fr-FR\",\"@id\":\"https:\\\/\\\/www.aeris.bzh\\\/#\\\/schema\\\/logo\\\/image\\\/\",\"url\":\"https:\\\/\\\/i0.wp.com\\\/www.aeris.bzh\\\/wp-content\\\/uploads\\\/2022\\\/12\\\/AerisJPG.jpg?fit=1113%2C734\",\"contentUrl\":\"https:\\\/\\\/i0.wp.com\\\/www.aeris.bzh\\\/wp-content\\\/uploads\\\/2022\\\/12\\\/AerisJPG.jpg?fit=1113%2C734\",\"width\":1113,\"height\":734,\"caption\":\"Aeris\"},\"image\":{\"@id\":\"https:\\\/\\\/www.aeris.bzh\\\/#\\\/schema\\\/logo\\\/image\\\/\"},\"sameAs\":[\"https:\\\/\\\/www.facebook.com\\\/profile.php?id=100088581491107\",\"https:\\\/\\\/www.linkedin.com\\\/in\\\/etienne-adelin-a6166049\\\/\",\"https:\\\/\\\/www.instagram.com\\\/?hl=fr\"]}]}<\/script>\n<!-- \/ Yoast SEO plugin. -->","yoast_head_json":{"title":"Inspection - Aeris","robots":{"index":"index","follow":"follow","max-snippet":"max-snippet:-1","max-image-preview":"max-image-preview:large","max-video-preview":"max-video-preview:-1"},"canonical":"https:\/\/www.aeris.bzh\/index.php\/inspection\/","og_locale":"fr_FR","og_type":"article","og_title":"Inspection - Aeris","og_description":"\ud83d\udcf8\u2708\ufe0f Rep\u00e9rage a\u00e9rien pr\u00e9cis avec nos drones DJI Air 2S &amp; Mini 3 Pro ! \ud83d\udd0d Missions de m\u00e9trage, inspection photo &amp; vid\u00e9o, acc\u00e8s aux zones difficiles\ud83d\udcca Mod\u00e9lisation 3D &amp; m\u00e9trage de toiture gr\u00e2ce \u00e0 des vols programm\u00e9s avec Dronelink\u26a1\ufe0f Rapide, pr\u00e9cis &amp; optimis\u00e9 pour vos projets \ud83d\udccd Obtenez votre devis ici \ud83d\udc49 http:\/\/www.aeris.bzh\/index.php\/contact-devis\/","og_url":"https:\/\/www.aeris.bzh\/index.php\/inspection\/","og_site_name":"Aeris","article_publisher":"https:\/\/www.facebook.com\/profile.php?id=100088581491107","article_modified_time":"2026-03-07T11:58:15+00:00","twitter_card":"summary_large_image","schema":{"@context":"https:\/\/schema.org","@graph":[{"@type":"WebPage","@id":"https:\/\/www.aeris.bzh\/index.php\/inspection\/","url":"https:\/\/www.aeris.bzh\/index.php\/inspection\/","name":"Inspection - Aeris","isPartOf":{"@id":"https:\/\/www.aeris.bzh\/#website"},"datePublished":"2022-12-06T19:34:38+00:00","dateModified":"2026-03-07T11:58:15+00:00","breadcrumb":{"@id":"https:\/\/www.aeris.bzh\/index.php\/inspection\/#breadcrumb"},"inLanguage":"fr-FR","potentialAction":[{"@type":"ReadAction","target":["https:\/\/www.aeris.bzh\/index.php\/inspection\/"]}]},{"@type":"BreadcrumbList","@id":"https:\/\/www.aeris.bzh\/index.php\/inspection\/#breadcrumb","itemListElement":[{"@type":"ListItem","position":1,"name":"Accueil","item":"https:\/\/www.aeris.bzh\/"},{"@type":"ListItem","position":2,"name":"Inspection"}]},{"@type":"WebSite","@id":"https:\/\/www.aeris.bzh\/#website","url":"https:\/\/www.aeris.bzh\/","name":"Aeris","description":"Prenons de la hauteur !","publisher":{"@id":"https:\/\/www.aeris.bzh\/#organization"},"potentialAction":[{"@type":"SearchAction","target":{"@type":"EntryPoint","urlTemplate":"https:\/\/www.aeris.bzh\/?s={search_term_string}"},"query-input":{"@type":"PropertyValueSpecification","valueRequired":true,"valueName":"search_term_string"}}],"inLanguage":"fr-FR"},{"@type":"Organization","@id":"https:\/\/www.aeris.bzh\/#organization","name":"Aeris","url":"https:\/\/www.aeris.bzh\/","logo":{"@type":"ImageObject","inLanguage":"fr-FR","@id":"https:\/\/www.aeris.bzh\/#\/schema\/logo\/image\/","url":"https:\/\/i0.wp.com\/www.aeris.bzh\/wp-content\/uploads\/2022\/12\/AerisJPG.jpg?fit=1113%2C734","contentUrl":"https:\/\/i0.wp.com\/www.aeris.bzh\/wp-content\/uploads\/2022\/12\/AerisJPG.jpg?fit=1113%2C734","width":1113,"height":734,"caption":"Aeris"},"image":{"@id":"https:\/\/www.aeris.bzh\/#\/schema\/logo\/image\/"},"sameAs":["https:\/\/www.facebook.com\/profile.php?id=100088581491107","https:\/\/www.linkedin.com\/in\/etienne-adelin-a6166049\/","https:\/\/www.instagram.com\/?hl=fr"]}]}},"jetpack_sharing_enabled":true,"_links":{"self":[{"href":"http:\/\/www.aeris.bzh\/index.php\/wp-json\/wp\/v2\/pages\/197","targetHints":{"allow":["GET"]}}],"collection":[{"href":"http:\/\/www.aeris.bzh\/index.php\/wp-json\/wp\/v2\/pages"}],"about":[{"href":"http:\/\/www.aeris.bzh\/index.php\/wp-json\/wp\/v2\/types\/page"}],"author":[{"embeddable":true,"href":"http:\/\/www.aeris.bzh\/index.php\/wp-json\/wp\/v2\/users\/1"}],"replies":[{"embeddable":true,"href":"http:\/\/www.aeris.bzh\/index.php\/wp-json\/wp\/v2\/comments?post=197"}],"version-history":[{"count":0,"href":"http:\/\/www.aeris.bzh\/index.php\/wp-json\/wp\/v2\/pages\/197\/revisions"}],"wp:attachment":[{"href":"http:\/\/www.aeris.bzh\/index.php\/wp-json\/wp\/v2\/media?parent=197"}],"curies":[{"name":"wp","href":"https:\/\/api.w.org\/{rel}","templated":true}]}}